
{"id":17,"date":"2024-11-20T16:54:09","date_gmt":"2024-11-20T16:54:09","guid":{"rendered":"https:\/\/hotelaranjeira.com\/?page_id=17"},"modified":"2024-12-11T23:45:43","modified_gmt":"2024-12-11T23:45:43","slug":"resolucao-de-litigios","status":"publish","type":"page","link":"https:\/\/hotelaranjeira.com\/fr\/resolucao-de-litigios\/","title":{"rendered":"R\u00e8glement extrajudiciaire des litiges"},"content":{"rendered":"<div class=\"gb-container gb-container-3af96345 gpc-policies__content\">\n<div class=\"gb-container gb-container-618e938e gpc-content-section\">\n\n<p>En cas de litige, le consommateur peut s'adresser \u00e0 un organisme de r\u00e8glement extrajudiciaire des litiges:<\/p>\n\n\n\n<h2 class=\"wp-block-heading\">CIAB - Centre d'information, de m\u00e9diation et d'arbitrage pour les consommateurs<\/h2>\n\n\n\n<p>Av. Rocha P\u00e1ris, n\u00ba103 (Edif\u00edcio Vila Rosa) | 4900-394 Viana do Castelo<\/p>\n\n\n\n<p><strong>Telef.<\/strong>&nbsp;258 809 335&nbsp;<strong>Fax:<\/strong>&nbsp;258 809 389&nbsp;|&nbsp;<strong>E-mail:<\/strong>&nbsp;<a href=\"mailto: ciab-viana@cm-viana-castelo.pt\">&nbsp;ciab-viana@cm-viana-castelo.pt<\/a>&nbsp;|&nbsp;<strong>Web:<\/strong>&nbsp;<a href=\"http:\/\/www.ciab.pt\/\" target=\"_blank\" rel=\"noreferrer noopener\">www.ciab.pt<\/a><\/p>\n\n\n\n<p>Pour plus d'informations, voir le portail des consommateurs&nbsp;<a href=\"http:\/\/www.consumidor.pt\/\" target=\"_blank\" rel=\"noreferrer noopener\">www.consumidor.pt<\/a>.<em>Art. 18 de la loi n\u00b0 144\/2015 du 8 septembre<\/em><\/p>\n\n<\/div>\n<\/div>","protected":false},"excerpt":{"rendered":"<p>Em caso de lit\u00edgio o consumidor pode recorrer a uma Entidade de Resolu\u00e7\u00e3o Alternativa de Lit\u00edgios de Consumo: CIAB &#8211; Centro de Informa\u00e7\u00e3o, Media\u00e7\u00e3o e Arbitragem de Consumo Av. Rocha P\u00e1ris, n\u00ba103 (Edif\u00edcio Vila Rosa) | 4900-394 Viana do Castelo Telef.&nbsp;258 809 335&nbsp;Fax:&nbsp;258 809 389&nbsp;|&nbsp;E-mail:&nbsp;&nbsp;ciab-viana@cm-viana-castelo.pt&nbsp;|&nbsp;Web:&nbsp;www.ciab.pt Para mais informa\u00e7\u00f5es consulte o Portal do Consumidor&nbsp;www.consumidor.pt.Art.\u00ba 18.\u00ba do &#8230; <a title=\"R\u00e8glement extrajudiciaire des litiges\" class=\"read-more\" href=\"https:\/\/hotelaranjeira.com\/fr\/resolucao-de-litigios\/\" aria-label=\"En savoir plus sur Resolu\u00e7\u00e3o Alternativa de Lit\u00edgios\">Lire plus<\/a><\/p>","protected":false},"author":1,"featured_media":0,"parent":0,"menu_order":0,"comment_status":"closed","ping_status":"closed","template":"","meta":{"_acf_changed":false,"footnotes":""},"class_list":["post-17","page","type-page","status-publish"],"acf":[],"_links":{"self":[{"href":"https:\/\/hotelaranjeira.com\/fr\/wp-json\/wp\/v2\/pages\/17","targetHints":{"allow":["GET"]}}],"collection":[{"href":"https:\/\/hotelaranjeira.com\/fr\/wp-json\/wp\/v2\/pages"}],"about":[{"href":"https:\/\/hotelaranjeira.com\/fr\/wp-json\/wp\/v2\/types\/page"}],"author":[{"embeddable":true,"href":"https:\/\/hotelaranjeira.com\/fr\/wp-json\/wp\/v2\/users\/1"}],"replies":[{"embeddable":true,"href":"https:\/\/hotelaranjeira.com\/fr\/wp-json\/wp\/v2\/comments?post=17"}],"version-history":[{"count":3,"href":"https:\/\/hotelaranjeira.com\/fr\/wp-json\/wp\/v2\/pages\/17\/revisions"}],"predecessor-version":[{"id":439,"href":"https:\/\/hotelaranjeira.com\/fr\/wp-json\/wp\/v2\/pages\/17\/revisions\/439"}],"wp:attachment":[{"href":"https:\/\/hotelaranjeira.com\/fr\/wp-json\/wp\/v2\/media?parent=17"}],"curies":[{"name":"wp","href":"https:\/\/api.w.org\/{rel}","templated":true}]}}