
{"id":12,"date":"2024-11-20T16:51:47","date_gmt":"2024-11-20T16:51:47","guid":{"rendered":"https:\/\/hotelaranjeira.com\/?page_id=12"},"modified":"2025-01-08T22:50:39","modified_gmt":"2025-01-08T22:50:39","slug":"contactos","status":"publish","type":"page","link":"https:\/\/hotelaranjeira.com\/fr\/contactos\/","title":{"rendered":"Localisation et contacts"},"content":{"rendered":"<div class=\"gb-container gb-container-d2d10bdc gpc-contacts\">\n<div class=\"gb-grid-wrapper gb-grid-wrapper-bc05854a\">\n<div class=\"gb-grid-column gb-grid-column-567b3293\"><div class=\"gb-container gb-container-567b3293 gpc-contacts__map\">\n<div id=\"gpc-map-block_2931cb08f2ae92f0f9dc90aaed740528\" class=\"gpc-location-map\">\n    <iframe loading=\"lazy\" src=\"https:\/\/www.google.com\/maps\/embed?pb=!1m18!1m12!1m3!1d2979.2342712815584!2d-8.83247642325919!3d41.69387807126245!2m3!1f0!2f0!3f0!3m2!1i1024!2i768!4f13.1!3m3!1m2!1s0xd25b62c2075f5dd%3A0xadb92b334fc96a29!2sHotel%20Laranjeira!5e0!3m2!1spt-PT!2spt!4v1733912163949!5m2!1spt-PT!2spt\" width=\"100%\" height=\"100%\" frameborder=\"0\" style=\"border:0;\"\n        allowfullscreen=\"\" class=\"gpc-location-map__iframe\"><\/iframe>\n<\/div>\n<\/div><\/div>\n\n<div class=\"gb-grid-column gb-grid-column-70b47629\"><div class=\"gb-container gb-container-70b47629 gpc-contacts_list\">\n\n<p class=\"gpc-nearby__sub-title subtitle2\">\u2014 Localiza\u00e7\u00e3o &amp; Contactos<\/p>\n\n\n\n<h1 class=\"wp-block-heading gpc-nearby__title title1 mb-20\">Precisa de ajuda com a sua reserva, tem uma quest\u00e3o ou precisa de informa\u00e7\u00f5es adicionais?<\/h1>\n\n\n\n<p>Temos uma equipa de profissionais dispon\u00edvel para ajudar em qualquer quest\u00e3o.<\/p>\n\n\n\n<ul class=\"gpc-contacts__contact-list list-unstyled\">\n            <li class=\"gpc-contacts__contact-list-item address\">\n        <span class=\"gpc-icon icon-map-marker\"><\/span> <a href=\"https:\/\/www.google.pt\/maps\/place\/Hotel+Laranjeira\/@41.6938783,-8.8308805,17.95z\/data=!4m9!3m8!1s0xd25b62c2075f5dd:0xadb92b334fc96a29!5m2!4m1!1i2!8m2!3d41.6938781!4d-8.8299015!16s%2Fg%2F1thq1_cx?hl=pt-PT&amp;entry=ttu&amp;g_ep=EgoyMDI0MTEyNC4xIKXMDSoASAFQAw%3D%3D\" target=\"_blank\" rel=\"noopener\">Rua C\u00e2ndido dos Reis, 45<br>4900-082 Viana do Castelo - Portugal<\/a>\n    <\/li>\n                    <li class=\"gpc-contacts__contact-list-item phone\">\n        <span class=\"gpc-icon icon-phone\"><\/span> <a href=\"tel:+351258822261\"\n            target=\"_blank\">+351 258 822 261 *<\/a>\n    <\/li>\n                <li class=\"gpc-contacts__contact-list-item fax\">\n        <span class=\"gpc-icon icon-fax\"><\/span> +351 258 821 902    <\/li>\n            <li class=\"gpc-contacts__contact-list-item email\">\n        <span class=\"gpc-icon icon-mail\"><\/span> <a\n            href=\"mailto:info@hotelaranjeira.com\">info@hotelaranjeira.com<\/a>\n    <\/li>\n            <li class=\"gpc-contacts__contact-list-item website\">\n        <span class=\"gpc-icon icon-web\"><\/span> <a href=\"https:\/\/hotelaranjeira.com\">www.hotelaranjeira.com<\/a>\n    <\/li>\n    <\/ul>\n\n<ul class=\"gpc-footer__call-type phone-call-type caption list-unstyled\">\n        <li class=\"gpc-footer__call-type-list-item\">\n        * Chamada rede fixa nacional    <\/li>\n        <\/ul>\n\n<\/div><\/div>\n<\/div>\n<\/div>\n\n<div class=\"gb-container gb-container-af97cbff gpc-contacts-form gpc-full-content\">\n<div class=\"gb-container gb-container-4be8bf43 gpc-content-section\">\n\n<h2 class=\"wp-block-heading gpc-nearby__title title1 mb-20\">Necessita de informa\u00e7\u00f5es adicionais?<\/h2>\n\n\n\n<p class=\"has-text-align-center subtitle1\">Envie-nos uma mensagem!<\/p>\n\n\n<div class=\"row gpc-form-section\">\n    <div class=\"col-sm-9 col-xs-12\">\n        <div class=\"frm_forms  with_frm_style frm_center_submit frm_style_formidable-corporate\" id=\"frm_form_1_container\" >\n<form enctype=\"multipart\/form-data\" method=\"post\" class=\"frm-show-form gpc-contact-form frm_ajax_submit  frm_pro_form \" id=\"form_contact-form\" >\n<div class=\"frm_form_fields \">\n<fieldset>\n<legend class=\"frm_screen_reader\">Contact Us<\/legend>\r\n\r\n<div class=\"frm_fields_container\">\n<input type=\"hidden\" name=\"frm_action\" value=\"create\" \/>\n<input type=\"hidden\" name=\"form_id\" value=\"1\" \/>\n<input type=\"hidden\" name=\"frm_hide_fields_1\" id=\"frm_hide_fields_1\" value=\"\" \/>\n<input type=\"hidden\" name=\"form_key\" value=\"contact-form\" \/>\n<input type=\"hidden\" name=\"item_meta[0]\" value=\"\" \/>\n<input type=\"hidden\" id=\"frm_submit_entry_1\" name=\"frm_submit_entry_1\" value=\"e9d893838d\" \/><input type=\"hidden\" name=\"_wp_http_referer\" value=\"\/fr\/wp-json\/wp\/v2\/pages\/12\" \/><div id=\"frm_field_7_container\" class=\"frm_form_field form-field  frm_top_container frm6 frm_first\">\r\n\t<label for=\"field_sb1kq\" id=\"field_sb1kq_label\" class=\"frm_primary_label\">Nome\r\n\t\t<span class=\"frm_required\" aria-hidden=\"true\"><\/span>\r\n\t<\/label>\r\n\t<input  type=\"text\" id=\"field_sb1kq\" name=\"item_meta[7]\" value=\"\"  data-invmsg=\"Nome is invalid\" aria-invalid=\"false\"   \/>\r\n\t\r\n\t\r\n<\/div>\n<div id=\"frm_field_3_container\" class=\"frm_form_field form-field  frm_required_field frm_top_container frm6\">\r\n\t<label for=\"field_29yf4d\" id=\"field_29yf4d_label\" class=\"frm_primary_label\">Email\r\n\t\t<span class=\"frm_required\" aria-hidden=\"true\">*<\/span>\r\n\t<\/label>\r\n\t<input type=\"email\" id=\"field_29yf4d\" name=\"item_meta[3]\" value=\"\"  data-reqmsg=\"Email cannot be blank.\" aria-required=\"true\" data-invmsg=\"Please enter a valid email address\" aria-invalid=\"false\"  \/>\r\n\t\r\n\t\r\n<\/div>\n<div id=\"frm_field_4_container\" class=\"frm_form_field form-field  frm_top_container frm_full\">\r\n\t<label for=\"field_e6lis6\" id=\"field_e6lis6_label\" class=\"frm_primary_label\">Assunto\r\n\t\t<span class=\"frm_required\" aria-hidden=\"true\"><\/span>\r\n\t<\/label>\r\n\t<input  type=\"text\" id=\"field_e6lis6\" name=\"item_meta[4]\" value=\"\"  data-invmsg=\"Assunto is invalid\" aria-invalid=\"false\"   \/>\r\n\t\r\n\t\r\n<\/div>\n<div id=\"frm_field_5_container\" class=\"frm_form_field form-field  frm_required_field frm_top_container frm_full\">\r\n\t<label for=\"field_9jv0r1\" id=\"field_9jv0r1_label\" class=\"frm_primary_label\">Menssagem\r\n\t\t<span class=\"frm_required\" aria-hidden=\"true\">*<\/span>\r\n\t<\/label>\r\n\t<textarea name=\"item_meta[5]\" id=\"field_9jv0r1\" rows=\"5\"  data-reqmsg=\"Menssagem cannot be blank.\" aria-required=\"true\" data-invmsg=\"Menssagem is invalid\" aria-invalid=\"false\"  ><\/textarea>\r\n\t\r\n\t\r\n<\/div>\n<div id=\"frm_field_19_container\" class=\"frm_form_field form-field  frm_required_field frm_none_container gpc-contact-form-rgpd vertical_radio\">\r\n\t<div  id=\"field_sxs6x_label\" class=\"frm_primary_label\">RGPD\r\n\t\t<span class=\"frm_required\" aria-hidden=\"true\">*<\/span>\r\n\t<\/div>\r\n\t<div class=\"frm_opt_container\" aria-labelledby=\"field_sxs6x_label\" role=\"group\">\t\t<div class=\"frm_checkbox\" id=\"frm_checkbox_19-0\">\t\t\t<label  for=\"field_sxs6x-0\">\n\t\t\t<input type=\"checkbox\" name=\"item_meta[19][]\" id=\"field_sxs6x-0\" value=\"Li e concordo com a &lt;a href=&quot;\/politica-de-privacidade&quot; target=&quot;_blank&quot;&gt;Pol\u00edtica de Prote\u00e7\u00e3o de Dados e de Privacidade&lt;\/a&gt;.\"  data-reqmsg=\"Campo de preenchimento obrigat\u00f3rio\" data-invmsg=\"RGPD est non valide\"   aria-required=\"true\"  \/> Li e concordo com a <a href=\"\/politica-de-privacidade\" target=\"_blank\">Pol\u00edtica de Prote\u00e7\u00e3o de Dados e de Privacidade<\/a>.<\/label><\/div>\n<\/div>\r\n\t\r\n\t\r\n<\/div>\n\t\t<input  type=\"hidden\" name=\"item_meta[28]\" id=\"field_current_lang_2\" value=\"fr_FR\"     \/>\n\t\t<div id=\"frm_field_46_container\" class=\"frm_form_field form-field  frm_none_container\">\r\n\t<label for=\"g-recaptcha-response\" id=\"field_7835m_label\" class=\"frm_primary_label\">\r\n\t\t<span class=\"frm_required\" aria-hidden=\"true\"><\/span>\r\n\t<\/label>\r\n\t<div  id=\"field_7835m\" class=\"frm-g-recaptcha\" data-sitekey=\"6Ldg4bcqAAAAAI9ezMe3CEH2g5CdD_DJg4zV3llQ\" data-size=\"invisible\" data-theme=\"light\"><\/div>\r\n\t\r\n\t\r\n<\/div>\n<div id=\"frm_field_6_container\" class=\"frm_form_field form-field \">\r\n\t<div class=\"frm_submit frm_flex\">\r\n<button class=\"frm_button_submit frm_final_submit\" type=\"submit\"   formnovalidate=\"formnovalidate\">Enviar<\/button>\r\n\r\n\r\n\r\n<\/div>\r\n<\/div>\n\t<input type=\"hidden\" name=\"item_key\" value=\"\" \/>\n\t\t\t<div id=\"frm_field_49_container\">\n\t\t\t<label for=\"field_2g0hj\" >\n\t\t\t\tSi vous \u00eates un humain, ne remplissez pas ce champ.\t\t\t<\/label>\n\t\t\t<input  id=\"field_2g0hj\" type=\"text\" class=\"frm_form_field form-field frm_verify\" name=\"item_meta[49]\" value=\"\"  \/>\n\t\t<\/div>\n\t\t<input name=\"frm_state\" type=\"hidden\" value=\"FjZdVJR6a4RNT3ApOsah0plEVNHnj7Dw6EQsiAU22w3oMKDuZptgnYFdauua3TLy\" \/><\/div>\n<\/fieldset>\n<\/div>\n\n<\/form>\n<\/div>\n    <\/div>\n    <div class=\"col-sm-3 col-xs-12\">\n        <div class=\"room-rules bg-primary\">\n            <div class=\"room-rules__inner\">\n                <p class=\"title3 color-white mb-20\">Como Chegar:<\/p>\n                                <ul class=\"room-rules-list body1 color-neutral-4 list-unstyled text-left\">\n                                        <li>\n                        <div>\n                            <sapn class=\"gpc-icon icon-location\"> <\/sapn>\n                        <\/div>\n                        <div>\n                            <span class=\"caption\">Se nos chega de:<\/span><br>\n                            <a href=\"https:\/\/www.google.com\/maps\/dir\/Lisboa,+Portugal\/Hotel+Laranjeira,+R.+C%C3%A2ndido+dos+Reis+45,+4900-082+Viana+do+Castelo,+Portugal\/@40.2044136,-9.9061952,8z\/data=!3m1!4b1!4m13!4m12!1m5!1m1!1s0xd19331a61e4f33b:0x400ebbde49036d0!2m2!1d-9.1393366!2d38.7222524!1m5!1m1!1s0xd25b62ea6a73f05:0x84a1139e3ab08021!2m2!1d-8.829789!2d41.69384?hl=pt-PT\" target=\"_blank\" rel=\"noopener\">\n                                <strong>Lisboa<\/strong>\n                                <span class=\"caption\">(Obter Dire\u00e7\u00f5es)<\/span><\/a>\n                        <\/div>\n                    <\/li>\n                                        <li>\n                        <div>\n                            <sapn class=\"gpc-icon icon-location\"> <\/sapn>\n                        <\/div>\n                        <div>\n                            <span class=\"caption\">Se nos chega de:<\/span><br>\n                            <a href=\"https:\/\/www.google.com\/maps\/dir\/Porto,+Portugal\/Hotel+Laranjeira,+R.+C%C3%A2ndido+dos+Reis+45,+4900-082+Viana+do+Castelo,+Portugal\/@41.4279968,-8.947173,10z\/data=!3m1!4b1!4m13!4m12!1m5!1m1!1s0xd2465abc4e153c1:0xa648d95640b114bc!2m2!1d-8.6291053!2d41.1579438!1m5!1m1!1s0xd25b62ea6a73f05:0x84a1139e3ab08021!2m2!1d-8.8299021!2d41.6938763?hl=pt-PT\" target=\"_blank\" rel=\"noopener\">\n                                <strong>Porto<\/strong>\n                                <span class=\"caption\">(Obter Dire\u00e7\u00f5es)<\/span><\/a>\n                        <\/div>\n                    <\/li>\n                                        <li>\n                        <div>\n                            <sapn class=\"gpc-icon icon-location\"> <\/sapn>\n                        <\/div>\n                        <div>\n                            <span class=\"caption\">Se nos chega de:<\/span><br>\n                            <a href=\"https:\/\/www.google.com\/maps\/dir\/Vigo,+Espanha\/Hotel+Laranjeira,+R.+C%C3%A2ndido+dos+Reis+45,+4900-082+Viana+do+Castelo,+Portugal\/@41.9912755,-8.9944184,10z\/data=!3m1!4b1!4m13!4m12!1m5!1m1!1s0xd2f621461b2c193:0x7b441dad174bd49f!2m2!1d-8.7207268!2d42.2405989!1m5!1m1!1s0xd25b62ea6a73f05:0x84a1139e3ab08021!2m2!1d-8.8299021!2d41.6938763?hl=pt-PT\" target=\"_blank\" rel=\"noopener\">\n                                <strong>Vigo<\/strong>\n                                <span class=\"caption\">(Obter Dire\u00e7\u00f5es)<\/span><\/a>\n                        <\/div>\n                    <\/li>\n                                    <\/ul>\n                            <\/div>\n        <\/div>\n    <\/div>\n<\/div>\n\n<\/div>\n<\/div>\n\n\n<p><\/p>\n","protected":false},"excerpt":{"rendered":"<p>Necessita de informa\u00e7\u00f5es adicionais? Envie-nos uma mensagem!<\/p>","protected":false},"author":1,"featured_media":443,"parent":0,"menu_order":0,"comment_status":"closed","ping_status":"closed","template":"","meta":{"_acf_changed":false,"footnotes":""},"class_list":["post-12","page","type-page","status-publish","has-post-thumbnail"],"acf":[],"_links":{"self":[{"href":"https:\/\/hotelaranjeira.com\/fr\/wp-json\/wp\/v2\/pages\/12","targetHints":{"allow":["GET"]}}],"collection":[{"href":"https:\/\/hotelaranjeira.com\/fr\/wp-json\/wp\/v2\/pages"}],"about":[{"href":"https:\/\/hotelaranjeira.com\/fr\/wp-json\/wp\/v2\/types\/page"}],"author":[{"embeddable":true,"href":"https:\/\/hotelaranjeira.com\/fr\/wp-json\/wp\/v2\/users\/1"}],"replies":[{"embeddable":true,"href":"https:\/\/hotelaranjeira.com\/fr\/wp-json\/wp\/v2\/comments?post=12"}],"version-history":[{"count":25,"href":"https:\/\/hotelaranjeira.com\/fr\/wp-json\/wp\/v2\/pages\/12\/revisions"}],"predecessor-version":[{"id":734,"href":"https:\/\/hotelaranjeira.com\/fr\/wp-json\/wp\/v2\/pages\/12\/revisions\/734"}],"wp:featuredmedia":[{"embeddable":true,"href":"https:\/\/hotelaranjeira.com\/fr\/wp-json\/wp\/v2\/media\/443"}],"wp:attachment":[{"href":"https:\/\/hotelaranjeira.com\/fr\/wp-json\/wp\/v2\/media?parent=12"}],"curies":[{"name":"wp","href":"https:\/\/api.w.org\/{rel}","templated":true}]}}